{"id":14,"date":"2023-06-29T17:17:16","date_gmt":"2023-06-29T23:17:16","guid":{"rendered":"https:\/\/mgifinc.com\/?page_id=14"},"modified":"2025-01-22T15:23:24","modified_gmt":"2025-01-22T21:23:24","slug":"what-we-do","status":"publish","type":"page","link":"https:\/\/mgifinc.com\/es\/what-we-do\/","title":{"rendered":"Qu\u00e9 Hacemos"},"content":{"rendered":"<div data-elementor-type=\"wp-page\" data-elementor-id=\"14\" class=\"elementor elementor-14\" data-elementor-settings=\"{&quot;ha_cmc_init_switcher&quot;:&quot;no&quot;}\" data-elementor-post-type=\"page\">\n\t\t\t\t<div class=\"elementor-element elementor-element-1c72c55 e-flex e-con-boxed e-con e-parent\" data-id=\"1c72c55\" data-element_type=\"container\" data-e-type=\"container\" data-settings=\"{&quot;background_background&quot;:&quot;classic&quot;,&quot;_ha_eqh_enable&quot;:false}\">\n\t\t\t\t\t<div class=\"e-con-inner\">\n\t\t<div class=\"elementor-element elementor-element-0ecf436 e-con-full elementor-hidden-mobile e-flex e-con e-child\" data-id=\"0ecf436\" data-element_type=\"container\" data-e-type=\"container\" data-settings=\"{&quot;background_background&quot;:&quot;classic&quot;,&quot;_ha_eqh_enable&quot;:false}\">\n\t\t\t\t<div class=\"elementor-element elementor-element-90df930 elementor-widget elementor-widget-heading\" data-id=\"90df930\" data-element_type=\"widget\" data-e-type=\"widget\" data-widget_type=\"heading.default\">\n\t\t\t\t\t<h1 class=\"elementor-heading-title elementor-size-default\">Qu\u00e9 Hacemos<\/h1>\t\t\t\t<\/div>\n\t\t\t\t<div class=\"elementor-element elementor-element-88e5349 elementor-widget elementor-widget-heading\" data-id=\"88e5349\" data-element_type=\"widget\" data-e-type=\"widget\" data-widget_type=\"heading.default\">\n\t\t\t\t\t<p class=\"elementor-heading-title elementor-size-default\">Descubra la Excelencia en la Artesan\u00eda de Fundici\u00f3n<\/p>\t\t\t\t<\/div>\n\t\t\t\t<div class=\"elementor-element elementor-element-be46636 elementor-widget elementor-widget-text-editor\" data-id=\"be46636\" data-element_type=\"widget\" data-e-type=\"widget\" data-widget_type=\"text-editor.default\">\n\t\t\t\t\t\t\t\t\t<p>En Manitowoc Grey Iron Foundry, estamos comprometidos con la mejora continua y las pr\u00e1cticas comerciales \u00e9ticas, entregando trabajos de hierro excepcionales que resisten la prueba del tiempo.<\/p>\t\t\t\t\t\t\t\t<\/div>\n\t\t\t\t<\/div>\n\t\t\t\t\t<\/div>\n\t\t\t\t<\/div>\n\t\t<div class=\"elementor-element elementor-element-c8ca320 e-con-full elementor-hidden-widescreen elementor-hidden-desktop elementor-hidden-laptop elementor-hidden-tablet e-flex e-con e-parent\" data-id=\"c8ca320\" data-element_type=\"container\" data-e-type=\"container\" data-settings=\"{&quot;background_background&quot;:&quot;classic&quot;,&quot;_ha_eqh_enable&quot;:false}\">\n\t\t\t\t<div class=\"elementor-element elementor-element-bf2c79f elementor-widget elementor-widget-heading\" data-id=\"bf2c79f\" data-element_type=\"widget\" data-e-type=\"widget\" data-widget_type=\"heading.default\">\n\t\t\t\t\t<h1 class=\"elementor-heading-title elementor-size-default\">Qu\u00e9 Hacemos<\/h1>\t\t\t\t<\/div>\n\t\t\t\t<div class=\"elementor-element elementor-element-5b74ca5 elementor-widget elementor-widget-heading\" data-id=\"5b74ca5\" data-element_type=\"widget\" data-e-type=\"widget\" data-widget_type=\"heading.default\">\n\t\t\t\t\t<p class=\"elementor-heading-title elementor-size-default\">Descubra la Excelencia en la Artesan\u00eda de Fundici\u00f3n<\/p>\t\t\t\t<\/div>\n\t\t\t\t<div class=\"elementor-element elementor-element-385c91b elementor-widget elementor-widget-text-editor\" data-id=\"385c91b\" data-element_type=\"widget\" data-e-type=\"widget\" data-widget_type=\"text-editor.default\">\n\t\t\t\t\t\t\t\t\t<p>En Manitowoc Grey Iron Foundry, estamos comprometidos con la mejora continua y las pr\u00e1cticas comerciales \u00e9ticas, entregando trabajos de hierro excepcionales que resisten la prueba del tiempo.<\/p>\t\t\t\t\t\t\t\t<\/div>\n\t\t\t\t<\/div>\n\t\t<div class=\"elementor-element elementor-element-fb43824 e-flex e-con-boxed e-con e-parent\" data-id=\"fb43824\" data-element_type=\"container\" data-e-type=\"container\" data-settings=\"{&quot;background_background&quot;:&quot;classic&quot;,&quot;_ha_eqh_enable&quot;:false}\">\n\t\t\t\t\t<div class=\"e-con-inner\">\n\t\t\t\t<div class=\"elementor-element elementor-element-f049aaf elementor-hidden-widescreen elementor-hidden-desktop elementor-hidden-laptop elementor-widget elementor-widget-image\" data-id=\"f049aaf\" data-element_type=\"widget\" data-e-type=\"widget\" data-widget_type=\"image.default\">\n\t\t\t\t\t\t\t\t\t\t\t\t\t\t\t<img fetchpriority=\"high\" decoding=\"async\" width=\"800\" height=\"461\" src=\"https:\/\/mgifinc.com\/wp-content\/uploads\/2023\/08\/P1833479-scaled-e1693940921849-1024x590.webp\" class=\"attachment-large size-large wp-image-97\" alt=\"Metal Being Poured into Mold\" srcset=\"https:\/\/mgifinc.com\/wp-content\/uploads\/2023\/08\/P1833479-scaled-e1693940921849-1024x590.webp 1024w, https:\/\/mgifinc.com\/wp-content\/uploads\/2023\/08\/P1833479-scaled-e1693940921849-300x173.webp 300w, https:\/\/mgifinc.com\/wp-content\/uploads\/2023\/08\/P1833479-scaled-e1693940921849-768x443.webp 768w, https:\/\/mgifinc.com\/wp-content\/uploads\/2023\/08\/P1833479-scaled-e1693940921849-18x10.webp 18w, https:\/\/mgifinc.com\/wp-content\/uploads\/2023\/08\/P1833479-scaled-e1693940921849.webp 1376w\" sizes=\"(max-width: 800px) 100vw, 800px\" \/>\t\t\t\t\t\t\t\t\t\t\t\t\t\t\t<\/div>\n\t\t<div class=\"elementor-element elementor-element-ad905cf e-con-full e-flex e-con e-child\" data-id=\"ad905cf\" data-element_type=\"container\" data-e-type=\"container\" data-settings=\"{&quot;background_background&quot;:&quot;classic&quot;,&quot;_ha_eqh_enable&quot;:false}\">\n\t\t<div class=\"elementor-element elementor-element-56dec38 e-flex e-con-boxed e-con e-child\" data-id=\"56dec38\" data-element_type=\"container\" data-e-type=\"container\" data-settings=\"{&quot;background_background&quot;:&quot;classic&quot;,&quot;_ha_eqh_enable&quot;:false}\">\n\t\t\t\t\t<div class=\"e-con-inner\">\n\t\t\t\t<div class=\"elementor-element elementor-element-94a04ed elementor-widget__width-initial elementor-widget elementor-widget-heading\" data-id=\"94a04ed\" data-element_type=\"widget\" data-e-type=\"widget\" data-widget_type=\"heading.default\">\n\t\t\t\t\t<h2 class=\"elementor-heading-title elementor-size-default\">Industrias<\/h2>\t\t\t\t<\/div>\n\t\t\t\t<div class=\"elementor-element elementor-element-d570ce2 elementor-widget__width-initial elementor-widget-divider--view-line elementor-widget elementor-widget-divider\" data-id=\"d570ce2\" data-element_type=\"widget\" data-e-type=\"widget\" data-widget_type=\"divider.default\">\n\t\t\t\t\t\t\t<div class=\"elementor-divider\">\n\t\t\t<span class=\"elementor-divider-separator\">\n\t\t\t\t\t\t<\/span>\n\t\t<\/div>\n\t\t\t\t\t\t<\/div>\n\t\t\t\t<div class=\"elementor-element elementor-element-155c3ca elementor-widget__width-initial elementor-widget elementor-widget-text-editor\" data-id=\"155c3ca\" data-element_type=\"widget\" data-e-type=\"widget\" data-widget_type=\"text-editor.default\">\n\t\t\t\t\t\t\t\t\t<p>Automotriz Todoterreno<\/p><p>Industria Ferroviaria<\/p><p>Construcci\u00f3n<\/p><p>Agricultura<\/p><p>Miner\u00eda<\/p><p>Maquinaria Industrial<\/p><p>V\u00e1lvula Industrial \/ Refrigeraci\u00f3n<\/p><p>Y M\u00e1s<\/p>\t\t\t\t\t\t\t\t<\/div>\n\t\t\t\t\t<\/div>\n\t\t\t\t<\/div>\n\t\t\t\t<\/div>\n\t\t\t\t<div class=\"elementor-element elementor-element-2200d40 elementor-hidden-widescreen elementor-hidden-desktop elementor-hidden-laptop elementor-widget elementor-widget-image\" data-id=\"2200d40\" data-element_type=\"widget\" data-e-type=\"widget\" data-widget_type=\"image.default\">\n\t\t\t\t\t\t\t\t\t\t\t\t\t\t\t<img decoding=\"async\" width=\"800\" height=\"666\" src=\"https:\/\/mgifinc.com\/wp-content\/uploads\/2023\/08\/faro-arm-e1693940409143-1024x853.webp\" class=\"attachment-large size-large wp-image-86\" alt=\"Faro Arm Workstation\" srcset=\"https:\/\/mgifinc.com\/wp-content\/uploads\/2023\/08\/faro-arm-e1693940409143-1024x853.webp 1024w, https:\/\/mgifinc.com\/wp-content\/uploads\/2023\/08\/faro-arm-e1693940409143-300x250.webp 300w, https:\/\/mgifinc.com\/wp-content\/uploads\/2023\/08\/faro-arm-e1693940409143-768x640.webp 768w, https:\/\/mgifinc.com\/wp-content\/uploads\/2023\/08\/faro-arm-e1693940409143-14x12.webp 14w, https:\/\/mgifinc.com\/wp-content\/uploads\/2023\/08\/faro-arm-e1693940409143.webp 1536w\" sizes=\"(max-width: 800px) 100vw, 800px\" \/>\t\t\t\t\t\t\t\t\t\t\t\t\t\t\t<\/div>\n\t\t<div class=\"elementor-element elementor-element-c3f2319 e-con-full e-flex e-con e-child\" data-id=\"c3f2319\" data-element_type=\"container\" data-e-type=\"container\" data-settings=\"{&quot;background_background&quot;:&quot;classic&quot;,&quot;_ha_eqh_enable&quot;:false}\">\n\t\t<div class=\"elementor-element elementor-element-2a5bf63 e-flex e-con-boxed e-con e-child\" data-id=\"2a5bf63\" data-element_type=\"container\" data-e-type=\"container\" data-settings=\"{&quot;background_background&quot;:&quot;classic&quot;,&quot;_ha_eqh_enable&quot;:false}\">\n\t\t\t\t\t<div class=\"e-con-inner\">\n\t\t\t\t<div class=\"elementor-element elementor-element-a8a57a8 elementor-widget__width-initial elementor-widget elementor-widget-heading\" data-id=\"a8a57a8\" data-element_type=\"widget\" data-e-type=\"widget\" data-widget_type=\"heading.default\">\n\t\t\t\t\t<h2 class=\"elementor-heading-title elementor-size-default\">Calidad<\/h2>\t\t\t\t<\/div>\n\t\t\t\t<div class=\"elementor-element elementor-element-7be3f89 elementor-widget__width-initial elementor-widget-divider--view-line elementor-widget elementor-widget-divider\" data-id=\"7be3f89\" data-element_type=\"widget\" data-e-type=\"widget\" data-widget_type=\"divider.default\">\n\t\t\t\t\t\t\t<div class=\"elementor-divider\">\n\t\t\t<span class=\"elementor-divider-separator\">\n\t\t\t\t\t\t<\/span>\n\t\t<\/div>\n\t\t\t\t\t\t<\/div>\n\t\t\t\t<div class=\"elementor-element elementor-element-ef3ba6d elementor-widget__width-initial elementor-widget elementor-widget-text-editor\" data-id=\"ef3ba6d\" data-element_type=\"widget\" data-e-type=\"widget\" data-widget_type=\"text-editor.default\">\n\t\t\t\t\t\t\t\t\t<p><strong>Brazo FARO<\/strong><br>Quantum E y Polyworks<br>Capacidades de Escaneo e Ingenier\u00eda Inversa<\/p>\n<p><strong>LECO GDS900 Glow Discharge Spectrometer<\/strong><br>Pruebas de An\u00e1lisis de Composici\u00f3n<\/p>\t\t\t\t\t\t\t\t<\/div>\n\t\t\t\t\t<\/div>\n\t\t\t\t<\/div>\n\t\t\t\t<\/div>\n\t\t\t\t<div class=\"elementor-element elementor-element-384502f elementor-hidden-widescreen elementor-hidden-desktop elementor-hidden-laptop elementor-widget elementor-widget-image\" data-id=\"384502f\" data-element_type=\"widget\" data-e-type=\"widget\" data-widget_type=\"image.default\">\n\t\t\t\t\t\t\t\t\t\t\t\t\t\t\t<img decoding=\"async\" width=\"800\" height=\"695\" src=\"https:\/\/mgifinc.com\/wp-content\/uploads\/2023\/09\/P1833765-scaled-e1693942581316-1024x889.webp\" class=\"attachment-large size-large wp-image-266\" alt=\"Shelved Plates for a Pattern Shop\" srcset=\"https:\/\/mgifinc.com\/wp-content\/uploads\/2023\/09\/P1833765-scaled-e1693942581316-1024x889.webp 1024w, https:\/\/mgifinc.com\/wp-content\/uploads\/2023\/09\/P1833765-scaled-e1693942581316-300x260.webp 300w, https:\/\/mgifinc.com\/wp-content\/uploads\/2023\/09\/P1833765-scaled-e1693942581316-768x667.webp 768w, https:\/\/mgifinc.com\/wp-content\/uploads\/2023\/09\/P1833765-scaled-e1693942581316-1536x1333.webp 1536w, https:\/\/mgifinc.com\/wp-content\/uploads\/2023\/09\/P1833765-scaled-e1693942581316-14x12.webp 14w, https:\/\/mgifinc.com\/wp-content\/uploads\/2023\/09\/P1833765-scaled-e1693942581316.webp 1661w\" sizes=\"(max-width: 800px) 100vw, 800px\" \/>\t\t\t\t\t\t\t\t\t\t\t\t\t\t\t<\/div>\n\t\t<div class=\"elementor-element elementor-element-2a51e71 e-con-full e-flex e-con e-child\" data-id=\"2a51e71\" data-element_type=\"container\" data-e-type=\"container\" data-settings=\"{&quot;background_background&quot;:&quot;classic&quot;,&quot;_ha_eqh_enable&quot;:false}\">\n\t\t<div class=\"elementor-element elementor-element-75d8905 e-flex e-con-boxed e-con e-child\" data-id=\"75d8905\" data-element_type=\"container\" data-e-type=\"container\" data-settings=\"{&quot;background_background&quot;:&quot;classic&quot;,&quot;_ha_eqh_enable&quot;:false}\">\n\t\t\t\t\t<div class=\"e-con-inner\">\n\t\t\t\t<div class=\"elementor-element elementor-element-2f3f82e elementor-widget__width-initial elementor-widget elementor-widget-heading\" data-id=\"2f3f82e\" data-element_type=\"widget\" data-e-type=\"widget\" data-widget_type=\"heading.default\">\n\t\t\t\t\t<h2 class=\"elementor-heading-title elementor-size-default\">Tienda de Patrones<\/h2>\t\t\t\t<\/div>\n\t\t\t\t<div class=\"elementor-element elementor-element-43d8403 elementor-widget__width-initial elementor-widget-divider--view-line elementor-widget elementor-widget-divider\" data-id=\"43d8403\" data-element_type=\"widget\" data-e-type=\"widget\" data-widget_type=\"divider.default\">\n\t\t\t\t\t\t\t<div class=\"elementor-divider\">\n\t\t\t<span class=\"elementor-divider-separator\">\n\t\t\t\t\t\t<\/span>\n\t\t<\/div>\n\t\t\t\t\t\t<\/div>\n\t\t\t\t<div class=\"elementor-element elementor-element-f11db53 elementor-widget__width-initial elementor-widget elementor-widget-text-editor\" data-id=\"f11db53\" data-element_type=\"widget\" data-e-type=\"widget\" data-widget_type=\"text-editor.default\">\n\t\t\t\t\t\t\t\t\t<p>Con nuestro compromiso inquebrantable de satisfacer sus necesidades de manera eficiente, nos enorgullecemos de nuestras instalaciones avanzadas, incluida nuestra tienda de patrones en el lugar de \u00faltima generaci\u00f3n. Entendemos la importancia de una producci\u00f3n oportuna y, cuando la demanda lo requiere, colaboramos con talleres externos confiables para garantizar operaciones perfectas.<\/p>\t\t\t\t\t\t\t\t<\/div>\n\t\t\t\t<div class=\"elementor-element elementor-element-14d0314 elementor-widget__width-initial elementor-widget elementor-widget-text-editor\" data-id=\"14d0314\" data-element_type=\"widget\" data-e-type=\"widget\" data-widget_type=\"text-editor.default\">\n\t\t\t\t\t\t\t\t\t<p>Nuestro taller de patrones interno est\u00e1 completamente equipado para manejar trabajos de patrones tradicionales y CNC, lo que nos brinda la versatilidad necesaria para cumplir con diversos requisitos de fundici\u00f3n. Ya sean dise\u00f1os complejos o proyectos de mayor escala, nuestro equipo capacitado puede encargarse de todo.<\/p>\t\t\t\t\t\t\t\t<\/div>\n\t\t\t\t\t<\/div>\n\t\t\t\t<\/div>\n\t\t\t\t<\/div>\n\t\t\t\t\t<\/div>\n\t\t\t\t<\/div>\n\t\t<div class=\"elementor-element elementor-element-41e4c0a e-flex e-con-boxed e-con e-parent\" data-id=\"41e4c0a\" data-element_type=\"container\" data-e-type=\"container\" data-settings=\"{&quot;background_background&quot;:&quot;classic&quot;,&quot;_ha_eqh_enable&quot;:false}\">\n\t\t\t\t\t<div class=\"e-con-inner\">\n\t\t<div class=\"elementor-element elementor-element-fba4e86 e-flex e-con-boxed e-con e-child\" data-id=\"fba4e86\" data-element_type=\"container\" data-e-type=\"container\" data-settings=\"{&quot;background_background&quot;:&quot;classic&quot;,&quot;_ha_eqh_enable&quot;:false}\">\n\t\t\t\t\t<div class=\"e-con-inner\">\n\t\t\t\t<div class=\"elementor-element elementor-element-d96dc4c elementor-widget elementor-widget-heading\" data-id=\"d96dc4c\" data-element_type=\"widget\" data-e-type=\"widget\" data-widget_type=\"heading.default\">\n\t\t\t\t\t<h2 class=\"elementor-heading-title elementor-size-default\">Dise\u00f1o de Ingenier\u00eda<\/h2>\t\t\t\t<\/div>\n\t\t\t\t<div class=\"elementor-element elementor-element-9933657 elementor-widget elementor-widget-heading\" data-id=\"9933657\" data-element_type=\"widget\" data-e-type=\"widget\" data-widget_type=\"heading.default\">\n\t\t\t\t\t<h2 class=\"elementor-heading-title elementor-size-default\">MGIF y su equipo de dise\u00f1o se comprometen a trabajar contigo para obtener los mejores resultados de fundici\u00f3n posibles dentro de las limitaciones de dise\u00f1o permitidas.<\/h2>\t\t\t\t<\/div>\n\t\t\t\t\t<\/div>\n\t\t\t\t<\/div>\n\t\t<div class=\"elementor-element elementor-element-13c1aaa e-flex e-con-boxed e-con e-child\" data-id=\"13c1aaa\" data-element_type=\"container\" data-e-type=\"container\" data-settings=\"{&quot;background_background&quot;:&quot;classic&quot;,&quot;_ha_eqh_enable&quot;:false}\">\n\t\t\t\t\t<div class=\"e-con-inner\">\n\t\t<div class=\"elementor-element elementor-element-30be81e e-flex e-con-boxed e-con e-child\" data-id=\"30be81e\" data-element_type=\"container\" data-e-type=\"container\" data-settings=\"{&quot;_ha_eqh_enable&quot;:false}\">\n\t\t\t\t\t<div class=\"e-con-inner\">\n\t\t\t\t<div class=\"elementor-element elementor-element-07442e0 elementor-widget elementor-widget-text-editor\" data-id=\"07442e0\" data-element_type=\"widget\" data-e-type=\"widget\" data-widget_type=\"text-editor.default\">\n\t\t\t\t\t\t\t\t\t<p>Nuestro compromiso con la excelencia comienza en la fundici\u00f3n y se extiende a lo largo de todo el proceso de producci\u00f3n y m\u00e1s all\u00e1. Estamos dedicados a minimizar las fallas de fundici\u00f3n, garantizando una calidad de primer nivel en cada paso.<br \/><br \/>Para lograr esto, nuestro equipo altamente capacitado aprovecha el software CAD de vanguardia Solidworks y sus a\u00f1os de experiencia. Antes de publicar cualquier \"dise\u00f1o de corte seg\u00fan herramienta\", analizamos y abordamos meticulosamente posibles problemas de fundici\u00f3n. Este enfoque proactivo nos permite crear archivos de herramientas que garantizan construcciones de herramientas consistentes y confiables.<\/p>\t\t\t\t\t\t\t\t<\/div>\n\t\t\t\t<div class=\"elementor-element elementor-element-ba1942f elementor-widget elementor-widget-text-editor\" data-id=\"ba1942f\" data-element_type=\"widget\" data-e-type=\"widget\" data-widget_type=\"text-editor.default\">\n\t\t\t\t\t\t\t\t\t<p>Ya sea que trabajemos con nuestro taller de patrones interno o colaboremos con recursos de herramientas externos, proporcionamos archivos completos de fundici\u00f3n y herramientas para todas las herramientas nuevas. Este proceso garantiza que las herramientas est\u00e9n dise\u00f1adas con precisi\u00f3n para coincidir con nuestros procesos de fabricaci\u00f3n, lo que da como resultado piezas fundidas superiores.<br \/><br \/>Nuestro objetivo es ofrecer piezas fundidas que satisfagan sus necesidades espec\u00edficas, especialmente en lo que respecta al grado de hierro que necesita. Al combinar nuestra experiencia y tecnolog\u00edas avanzadas, garantizamos que nuestros productos no solo cumplan sino que superen sus expectativas durante todo su ciclo de vida. As\u00f3ciese con nosotros para obtener piezas fundidas de alta calidad y un rendimiento excepcional en sus aplicaciones.<\/p>\t\t\t\t\t\t\t\t<\/div>\n\t\t\t\t\t<\/div>\n\t\t\t\t<\/div>\n\t\t\t\t\t<\/div>\n\t\t\t\t<\/div>\n\t\t\t\t\t<\/div>\n\t\t\t\t<\/div>\n\t\t\t\t<\/div>","protected":false},"excerpt":{"rendered":"<p>What We Do Discover Excellence in Foundry Craftsmanship At Manitowoc Grey Iron Foundry, we are committed to continuous improvement and ethical business practices, delivering exceptional iron works that stand the test of time. What We Do Discover Excellence in Foundry Craftsmanship At Manitowoc Grey Iron Foundry, we are committed to continuous improvement and ethical business [&hellip;]<\/p>\n","protected":false},"author":3,"featured_media":0,"parent":0,"menu_order":3,"comment_status":"closed","ping_status":"closed","template":"","meta":{"footnotes":""},"class_list":["post-14","page","type-page","status-publish","hentry"],"aioseo_notices":[],"_links":{"self":[{"href":"https:\/\/mgifinc.com\/es\/wp-json\/wp\/v2\/pages\/14","targetHints":{"allow":["GET"]}}],"collection":[{"href":"https:\/\/mgifinc.com\/es\/wp-json\/wp\/v2\/pages"}],"about":[{"href":"https:\/\/mgifinc.com\/es\/wp-json\/wp\/v2\/types\/page"}],"author":[{"embeddable":true,"href":"https:\/\/mgifinc.com\/es\/wp-json\/wp\/v2\/users\/3"}],"replies":[{"embeddable":true,"href":"https:\/\/mgifinc.com\/es\/wp-json\/wp\/v2\/comments?post=14"}],"version-history":[{"count":54,"href":"https:\/\/mgifinc.com\/es\/wp-json\/wp\/v2\/pages\/14\/revisions"}],"predecessor-version":[{"id":524,"href":"https:\/\/mgifinc.com\/es\/wp-json\/wp\/v2\/pages\/14\/revisions\/524"}],"wp:attachment":[{"href":"https:\/\/mgifinc.com\/es\/wp-json\/wp\/v2\/media?parent=14"}],"curies":[{"name":"wp","href":"https:\/\/api.w.org\/{rel}","templated":true}]}}